{"id":739,"date":"2023-11-10T09:56:08","date_gmt":"2023-11-10T08:56:08","guid":{"rendered":"https:\/\/sool.upvision.site\/?page_id=739"},"modified":"2023-12-02T15:12:36","modified_gmt":"2023-12-02T14:12:36","slug":"lekarne","status":"publish","type":"page","link":"https:\/\/sool.upvision.site\/en\/informacie\/lekarne\/","title":{"rendered":"Lek\u00e1rne"},"content":{"rendered":"","protected":false},"excerpt":{"rendered":"","protected":false},"author":3,"featured_media":0,"parent":742,"menu_order":0,"comment_status":"closed","ping_status":"closed","template":"template-lekarne.php","meta":{"footnotes":""},"class_list":["post-739","page","type-page","status-publish","hentry"],"acf":[],"yoast_head":"<!-- This site is optimized with the Yoast SEO plugin v21.3 - https:\/\/yoast.com\/wordpress\/plugins\/seo\/ -->\n<title>Lek\u00e1rne | Slovensk\u00e1 organiz\u00e1cia pre overovanie liekov - SOOL<\/title>\n<meta name=\"robots\" content=\"index, follow, max-snippet:-1, max-image-preview:large, max-video-preview:-1\" \/>\n<link rel=\"canonical\" href=\"https:\/\/sool.upvision.site\/en\/informacie\/lekarne\/\" \/>\n<meta property=\"og:locale\" content=\"en_US\" \/>\n<meta property=\"og:type\" content=\"article\" \/>\n<meta property=\"og:title\" content=\"Lek\u00e1rne | Slovensk\u00e1 organiz\u00e1cia pre overovanie liekov - SOOL\" \/>\n<meta property=\"og:url\" content=\"https:\/\/sool.upvision.site\/en\/informacie\/lekarne\/\" \/>\n<meta property=\"og:site_name\" content=\"Slovensk\u00e1 organiz\u00e1cia pre overovanie liekov - SOOL\" \/>\n<meta property=\"article:modified_time\" content=\"2023-12-02T14:12:36+00:00\" \/>\n<meta name=\"twitter:card\" content=\"summary_large_image\" \/>\n<script type=\"application\/ld+json\" class=\"yoast-schema-graph\">{\"@context\":\"https:\/\/schema.org\",\"@graph\":[{\"@type\":\"WebPage\",\"@id\":\"https:\/\/sool.upvision.site\/en\/informacie\/lekarne\/\",\"url\":\"https:\/\/sool.upvision.site\/en\/informacie\/lekarne\/\",\"name\":\"Lek\u00e1rne | Slovensk\u00e1 organiz\u00e1cia pre overovanie liekov - SOOL\",\"isPartOf\":{\"@id\":\"https:\/\/sool.upvision.site\/#website\"},\"datePublished\":\"2023-11-10T08:56:08+00:00\",\"dateModified\":\"2023-12-02T14:12:36+00:00\",\"breadcrumb\":{\"@id\":\"https:\/\/sool.upvision.site\/en\/informacie\/lekarne\/#breadcrumb\"},\"inLanguage\":\"en-US\",\"potentialAction\":[{\"@type\":\"ReadAction\",\"target\":[\"https:\/\/sool.upvision.site\/en\/informacie\/lekarne\/\"]}]},{\"@type\":\"BreadcrumbList\",\"@id\":\"https:\/\/sool.upvision.site\/en\/informacie\/lekarne\/#breadcrumb\",\"itemListElement\":[{\"@type\":\"ListItem\",\"position\":1,\"name\":\"Domov\",\"item\":\"https:\/\/sool.upvision.site\/en\/\"},{\"@type\":\"ListItem\",\"position\":2,\"name\":\"Inform\u00e1cie\",\"item\":\"https:\/\/sool.upvision.site\/en\/informacie\/\"},{\"@type\":\"ListItem\",\"position\":3,\"name\":\"Lek\u00e1rne\"}]},{\"@type\":\"WebSite\",\"@id\":\"https:\/\/sool.upvision.site\/#website\",\"url\":\"https:\/\/sool.upvision.site\/\",\"name\":\"Slovensk\u00e1 organiz\u00e1cia pre overovanie liekov - SOOL\",\"description\":\"\",\"publisher\":{\"@id\":\"https:\/\/sool.upvision.site\/#organization\"},\"potentialAction\":[{\"@type\":\"SearchAction\",\"target\":{\"@type\":\"EntryPoint\",\"urlTemplate\":\"https:\/\/sool.upvision.site\/?s={search_term_string}\"},\"query-input\":\"required name=search_term_string\"}],\"inLanguage\":\"en-US\"},{\"@type\":\"Organization\",\"@id\":\"https:\/\/sool.upvision.site\/#organization\",\"name\":\"Slovensk\u00e1 organiz\u00e1cia pre overovanie liekov - SOOL\",\"url\":\"https:\/\/sool.upvision.site\/\",\"logo\":{\"@type\":\"ImageObject\",\"inLanguage\":\"en-US\",\"@id\":\"https:\/\/sool.upvision.site\/#\/schema\/logo\/image\/\",\"url\":\"https:\/\/sool.upvision.site\/wp-content\/uploads\/2023\/09\/Logo_SOOL_na-stiahnutie.png\",\"contentUrl\":\"https:\/\/sool.upvision.site\/wp-content\/uploads\/2023\/09\/Logo_SOOL_na-stiahnutie.png\",\"width\":808,\"height\":369,\"caption\":\"Slovensk\u00e1 organiz\u00e1cia pre overovanie liekov - SOOL\"},\"image\":{\"@id\":\"https:\/\/sool.upvision.site\/#\/schema\/logo\/image\/\"}}]}<\/script>\n<!-- \/ Yoast SEO plugin. -->","yoast_head_json":{"title":"Lek\u00e1rne | Slovensk\u00e1 organiz\u00e1cia pre overovanie liekov - SOOL","robots":{"index":"index","follow":"follow","max-snippet":"max-snippet:-1","max-image-preview":"max-image-preview:large","max-video-preview":"max-video-preview:-1"},"canonical":"https:\/\/sool.upvision.site\/en\/informacie\/lekarne\/","og_locale":"en_US","og_type":"article","og_title":"Lek\u00e1rne | Slovensk\u00e1 organiz\u00e1cia pre overovanie liekov - SOOL","og_url":"https:\/\/sool.upvision.site\/en\/informacie\/lekarne\/","og_site_name":"Slovensk\u00e1 organiz\u00e1cia pre overovanie liekov - SOOL","article_modified_time":"2023-12-02T14:12:36+00:00","twitter_card":"summary_large_image","schema":{"@context":"https:\/\/schema.org","@graph":[{"@type":"WebPage","@id":"https:\/\/sool.upvision.site\/en\/informacie\/lekarne\/","url":"https:\/\/sool.upvision.site\/en\/informacie\/lekarne\/","name":"Lek\u00e1rne | Slovensk\u00e1 organiz\u00e1cia pre overovanie liekov - SOOL","isPartOf":{"@id":"https:\/\/sool.upvision.site\/#website"},"datePublished":"2023-11-10T08:56:08+00:00","dateModified":"2023-12-02T14:12:36+00:00","breadcrumb":{"@id":"https:\/\/sool.upvision.site\/en\/informacie\/lekarne\/#breadcrumb"},"inLanguage":"en-US","potentialAction":[{"@type":"ReadAction","target":["https:\/\/sool.upvision.site\/en\/informacie\/lekarne\/"]}]},{"@type":"BreadcrumbList","@id":"https:\/\/sool.upvision.site\/en\/informacie\/lekarne\/#breadcrumb","itemListElement":[{"@type":"ListItem","position":1,"name":"Domov","item":"https:\/\/sool.upvision.site\/en\/"},{"@type":"ListItem","position":2,"name":"Inform\u00e1cie","item":"https:\/\/sool.upvision.site\/en\/informacie\/"},{"@type":"ListItem","position":3,"name":"Lek\u00e1rne"}]},{"@type":"WebSite","@id":"https:\/\/sool.upvision.site\/#website","url":"https:\/\/sool.upvision.site\/","name":"Slovensk\u00e1 organiz\u00e1cia pre overovanie liekov - SOOL","description":"","publisher":{"@id":"https:\/\/sool.upvision.site\/#organization"},"potentialAction":[{"@type":"SearchAction","target":{"@type":"EntryPoint","urlTemplate":"https:\/\/sool.upvision.site\/?s={search_term_string}"},"query-input":"required name=search_term_string"}],"inLanguage":"en-US"},{"@type":"Organization","@id":"https:\/\/sool.upvision.site\/#organization","name":"Slovensk\u00e1 organiz\u00e1cia pre overovanie liekov - SOOL","url":"https:\/\/sool.upvision.site\/","logo":{"@type":"ImageObject","inLanguage":"en-US","@id":"https:\/\/sool.upvision.site\/#\/schema\/logo\/image\/","url":"https:\/\/sool.upvision.site\/wp-content\/uploads\/2023\/09\/Logo_SOOL_na-stiahnutie.png","contentUrl":"https:\/\/sool.upvision.site\/wp-content\/uploads\/2023\/09\/Logo_SOOL_na-stiahnutie.png","width":808,"height":369,"caption":"Slovensk\u00e1 organiz\u00e1cia pre overovanie liekov - SOOL"},"image":{"@id":"https:\/\/sool.upvision.site\/#\/schema\/logo\/image\/"}}]}},"_links":{"self":[{"href":"https:\/\/sool.upvision.site\/en\/wp-json\/wp\/v2\/pages\/739","targetHints":{"allow":["GET"]}}],"collection":[{"href":"https:\/\/sool.upvision.site\/en\/wp-json\/wp\/v2\/pages"}],"about":[{"href":"https:\/\/sool.upvision.site\/en\/wp-json\/wp\/v2\/types\/page"}],"author":[{"embeddable":true,"href":"https:\/\/sool.upvision.site\/en\/wp-json\/wp\/v2\/users\/3"}],"replies":[{"embeddable":true,"href":"https:\/\/sool.upvision.site\/en\/wp-json\/wp\/v2\/comments?post=739"}],"version-history":[{"count":4,"href":"https:\/\/sool.upvision.site\/en\/wp-json\/wp\/v2\/pages\/739\/revisions"}],"predecessor-version":[{"id":799,"href":"https:\/\/sool.upvision.site\/en\/wp-json\/wp\/v2\/pages\/739\/revisions\/799"}],"up":[{"embeddable":true,"href":"https:\/\/sool.upvision.site\/en\/wp-json\/wp\/v2\/pages\/742"}],"wp:attachment":[{"href":"https:\/\/sool.upvision.site\/en\/wp-json\/wp\/v2\/media?parent=739"}],"curies":[{"name":"wp","href":"https:\/\/api.w.org\/{rel}","templated":true}]}}